{"id":1987,"date":"2023-11-15T11:10:17","date_gmt":"2023-11-15T10:10:17","guid":{"rendered":"https:\/\/ninak.nl\/?post_type=product&#038;p=1987"},"modified":"2026-04-18T10:08:50","modified_gmt":"2026-04-18T09:08:50","slug":"mesoestetic-ha-densimatrix","status":"publish","type":"product","link":"https:\/\/ninak.nl\/en\/product\/mesoestetic-ha-densimatrix\/","title":{"rendered":"Mesoestetic HA Densimatrix"},"content":{"rendered":"<div class=\"wpb-content-wrapper\"><p>[vc_row full_width=&#8221;stretch_row&#8221;][vc_column][vc_row_inner][vc_column_inner][vc_column_text css=&#8221;&#8221;]Hyaluronzuurserum of -concentraat dat zorgt voor een hydraterende, anti-aging en vullende werking. Helpt de hydratatie en een &#8220;dewy&#8221; huid te stimuleren, uitdroging te voorkomen en te beschermen tegen vroegtijdige veroudering. Het maakt het mogelijk om imperfectiesals gevolg van het verouderingsproces, zoals rimpels, fijne lijntjes, gebrek aan elasticiteit en stevigheid, te verzachten en te corrigeren. Geschikt voor alle huidtypes.[\/vc_column_text][\/vc_column_inner][\/vc_row_inner][\/vc_column][\/vc_row][vc_row][vc_column][vc_tta_accordion active_section=&#8221;&#8221;][vc_tta_section title=&#8221;HUIDTYPE&#8221; tab_id=&#8221;1698407972669-d0028d7c-a7ad2e20-9e87&#8243;][vc_column_text]Alle huiden[\/vc_column_text][\/vc_tta_section][vc_tta_section title=&#8221;WERKZAME STOFFEN&#8221; tab_id=&#8221;1698407972689-8240e14d-de6d2e20-9e87&#8243;][vc_column_text css=&#8221;&#8221;]<\/p>\n<div>\n<p>hyaluronzuur<\/p>\n<\/div>\n<div>\n<p>antiaging pro complex<\/p>\n<\/div>\n<div>\n<p>anti-hyaluronidasecomplex<\/p>\n<\/div>\n<p>[\/vc_column_text][\/vc_tta_section][vc_tta_section title=&#8221;GEBRUIK&#8221; tab_id=&#8221;1698407996070-9c5dcbf2-e8de2e20-9e87&#8243;][vc_column_text css=&#8221;&#8221;]<\/p>\n<div class=\"clock\">tweemaal per dag, ochtend and avond.<\/div>\n<p>Uitwendig gebruik. Breng 3-4 druppels ha densimatrix aan op een eerder gereinigde en droge huid en masseer tot het volledig is geabsorbeerd. Het moet worden aangebracht v\u00f3\u00f3r de gebruikelijke behandelcr\u00e8me of zonnebescherming, de ultralichte textuur maakt het compatibel met elke aanvullende behandeling. Niet spoelen.[\/vc_column_text][\/vc_tta_section][\/vc_tta_accordion][\/vc_column][\/vc_row]<\/p>\n<\/div>","protected":false},"excerpt":{"rendered":"<p>[vc_row full_width=&#8221;stretch_row&#8221;][vc_column][vc_row_inner][vc_column_inner][vc_column_text css=&#8221;&#8221;]Hyaluronzuurserum of -concentraat dat zorgt voor een hydraterende, anti-aging en vullende werking. Helpt de hydratatie en een &#8220;dewy&#8221;&#8230;<\/p>\n","protected":false},"featured_media":6294,"comment_status":"closed","ping_status":"closed","template":"","meta":{"_acf_changed":false},"product_brand":[],"product_cat":[34,154],"product_tag":[],"class_list":{"0":"post-1987","1":"product","2":"type-product","3":"status-publish","4":"has-post-thumbnail","6":"product_cat-face","7":"product_cat-favorites","8":"pa_huidcondities-hydration","9":"pa_huidcondities-dry-skin","10":"pa_merk-mesoestetic","11":"pa_ml-30ml","13":"first","14":"instock","15":"taxable","16":"shipping-taxable","17":"purchasable","18":"product-type-simple"},"acf":[],"_links":{"self":[{"href":"https:\/\/ninak.nl\/en\/wp-json\/wp\/v2\/product\/1987","targetHints":{"allow":["GET"]}}],"collection":[{"href":"https:\/\/ninak.nl\/en\/wp-json\/wp\/v2\/product"}],"about":[{"href":"https:\/\/ninak.nl\/en\/wp-json\/wp\/v2\/types\/product"}],"replies":[{"embeddable":true,"href":"https:\/\/ninak.nl\/en\/wp-json\/wp\/v2\/comments?post=1987"}],"wp:featuredmedia":[{"embeddable":true,"href":"https:\/\/ninak.nl\/en\/wp-json\/wp\/v2\/media\/6294"}],"wp:attachment":[{"href":"https:\/\/ninak.nl\/en\/wp-json\/wp\/v2\/media?parent=1987"}],"wp:term":[{"taxonomy":"product_brand","embeddable":true,"href":"https:\/\/ninak.nl\/en\/wp-json\/wp\/v2\/product_brand?post=1987"},{"taxonomy":"product_cat","embeddable":true,"href":"https:\/\/ninak.nl\/en\/wp-json\/wp\/v2\/product_cat?post=1987"},{"taxonomy":"product_tag","embeddable":true,"href":"https:\/\/ninak.nl\/en\/wp-json\/wp\/v2\/product_tag?post=1987"}],"curies":[{"name":"wp","href":"https:\/\/api.w.org\/{rel}","templated":true}]}}