{"id":2539,"date":"2023-12-20T15:48:26","date_gmt":"2023-12-20T14:48:26","guid":{"rendered":"https:\/\/ninak.nl\/product\/obagi-nu-derm-blend-fx\/"},"modified":"2026-04-18T13:16:14","modified_gmt":"2026-04-18T12:16:14","slug":"obagi-nu-derm-blend-fx","status":"publish","type":"product","link":"https:\/\/ninak.nl\/en\/product\/obagi-nu-derm-blend-fx\/","title":{"rendered":"Obagi Nu-Derm Blend Fx"},"content":{"rendered":"<div class=\"wpb-content-wrapper\"><p>[vc_row][vc_column][vc_column_text css=&#8221;&#8221;]<\/p>\n<div class=\"woocommerce-product-details__short-description\">\n<div class=\"page\" title=\"Page 13\">\n<div class=\"section\">\n<div class=\"layoutArea\">\n<div class=\"column\">\n<p>Cree\u0308er een gelijkmatige teint met Obagi Nu Derm Blend Fx. Obagi Nu-Derm Blend Fx vermindert schade en hyperpigmentatie aan de huid, veroorzaakt door o.a. de zon.<\/p>\n<\/div>\n<\/div>\n<\/div>\n<\/div>\n<\/div>\n<p>[\/vc_column_text][\/vc_column][\/vc_row][vc_row][vc_column][vc_tta_accordion active_section=&#8221;&#8221;][vc_tta_section title=&#8221;HUIDTYPE&#8221; tab_id=&#8221;1698407972669-d0028d7c-a7adc889-1acee4eb-c2a56e74-07fb&#8221;][vc_column_text]Rijpere, droge, vette, gecombineerd, normale[\/vc_column_text][\/vc_tta_section][vc_tta_section title=&#8221;GEBRUIK&#8221; tab_id=&#8221;1698407996070-9c5dcbf2-e8dec889-1acee4eb-c2a56e74-07fb&#8221;][vc_column_text css=&#8221;&#8221;]Dagelijks aanbrengen in de avond.<\/p>\n<p>Breng ongeveer 1 gram (ter grootte van een erwt) plaatselijk aan op de pigmentvlekken.<\/p>\n<p>Knijp de hoeveelheid op de vingers en masseer in.[\/vc_column_text][\/vc_tta_section][vc_tta_section title=&#8221;WELK RESULTAAT KUN JE VERWACHTEN?&#8221; tab_id=&#8221;1704293140072-8e520ce0-ce726e74-07fb&#8221;][vc_column_text]<\/p>\n<ul>\n<li>Donkere vlekken nemen af door het ingredi\u00ebnt arbutine.<\/li>\n<li>De huid wordt beschermd door antioxidanten.<span class=\"Apple-converted-space\">\u00a0<\/span><\/li>\n<li>De exfoli\u00ebrende ingredi\u00ebnten Exfoli\u00ebrende ingredi\u00ebnten helpen je huid om te vernieuwen en laten haar weer stralen.<span class=\"Apple-converted-space\">\u00a0<\/span><\/li>\n<li>Wanneer gemengd wordt met tretino\u00efne, start deze cr\u00e8me het herstelproces van beschadigde cellen.<\/li>\n<\/ul>\n<p>[\/vc_column_text][\/vc_tta_section][\/vc_tta_accordion][\/vc_column][\/vc_row]<\/p>\n<\/div>","protected":false},"excerpt":{"rendered":"<p>[vc_row][vc_column][vc_column_text css=&#8221;&#8221;] Cree\u0308er een gelijkmatige teint met Obagi Nu Derm Blend Fx. Obagi Nu-Derm Blend Fx vermindert schade en hyperpigmentatie&#8230;<\/p>\n","protected":false},"featured_media":6384,"comment_status":"closed","ping_status":"closed","template":"","meta":{"_acf_changed":false},"product_brand":[],"product_cat":[34],"product_tag":[],"class_list":{"0":"post-2539","1":"product","2":"type-product","3":"status-publish","4":"has-post-thumbnail","6":"product_cat-face","7":"pa_huidcondities-acne","8":"pa_huidcondities-wrinkles","9":"pa_huidcondities-hyperpigmentation","10":"pa_merk-obagi","11":"pa_ml-57g","13":"first","14":"instock","15":"taxable","16":"shipping-taxable","17":"purchasable","18":"product-type-simple"},"acf":[],"_links":{"self":[{"href":"https:\/\/ninak.nl\/en\/wp-json\/wp\/v2\/product\/2539","targetHints":{"allow":["GET"]}}],"collection":[{"href":"https:\/\/ninak.nl\/en\/wp-json\/wp\/v2\/product"}],"about":[{"href":"https:\/\/ninak.nl\/en\/wp-json\/wp\/v2\/types\/product"}],"replies":[{"embeddable":true,"href":"https:\/\/ninak.nl\/en\/wp-json\/wp\/v2\/comments?post=2539"}],"wp:featuredmedia":[{"embeddable":true,"href":"https:\/\/ninak.nl\/en\/wp-json\/wp\/v2\/media\/6384"}],"wp:attachment":[{"href":"https:\/\/ninak.nl\/en\/wp-json\/wp\/v2\/media?parent=2539"}],"wp:term":[{"taxonomy":"product_brand","embeddable":true,"href":"https:\/\/ninak.nl\/en\/wp-json\/wp\/v2\/product_brand?post=2539"},{"taxonomy":"product_cat","embeddable":true,"href":"https:\/\/ninak.nl\/en\/wp-json\/wp\/v2\/product_cat?post=2539"},{"taxonomy":"product_tag","embeddable":true,"href":"https:\/\/ninak.nl\/en\/wp-json\/wp\/v2\/product_tag?post=2539"}],"curies":[{"name":"wp","href":"https:\/\/api.w.org\/{rel}","templated":true}]}}