{"id":2580,"date":"2023-12-20T15:48:34","date_gmt":"2023-12-20T14:48:34","guid":{"rendered":"https:\/\/ninak.nl\/product\/mesoestetic-age-element-brightening-concentrate\/"},"modified":"2026-04-17T13:16:53","modified_gmt":"2026-04-17T12:16:53","slug":"mesoestetic-age-element-brightening-concentrate","status":"publish","type":"product","link":"https:\/\/ninak.nl\/en\/product\/mesoestetic-age-element-brightening-concentrate\/","title":{"rendered":"Mesoestetic Age Element Brightening concentrate"},"content":{"rendered":"<div class=\"wpb-content-wrapper\"><p>[vc_row][vc_column][vc_column_text css=&#8221;&#8221;]Geconcentreerd serum met verhelderende werking, egaliseert de huidtint door de ophoping van melanine te verminderen. De intensieve antioxiderende werking blokkeert vroegtijdige veroudering, maakt expressielijntjes glad en revitaliseert de huid.[\/vc_column_text][\/vc_column][\/vc_row][vc_row][vc_column][vc_tta_accordion active_section=&#8221;&#8221;][vc_tta_section title=&#8221;HUIDTYPE&#8221; tab_id=&#8221;1698407972669-d0028d7c-a7adc889-1ace7344-71fd&#8221;][vc_column_text]Alle huidtypen. Geschikt voor het intensief behandelen van de eerste tekenen van veroudering, doffe huid en eerste expressielijntjes.[\/vc_column_text][\/vc_tta_section][vc_tta_section title=&#8221;WERKZAME STOFFEN&#8221; tab_id=&#8221;1698407972689-8240e14d-de6dc889-1ace7344-71fd&#8221;][vc_column_text]\u2013 Hyaluronzuur<br \/>\n\u2013 Mariene biotech extract<br \/>\n\u2013 (meso)epigen system\u2122<br \/>\n\u2013 Niacinamide<br \/>\n\u2013 Vitamine C[\/vc_column_text][\/vc_tta_section][vc_tta_section title=&#8221;GEBRUIK&#8221; tab_id=&#8221;1698407996070-9c5dcbf2-e8dec889-1ace7344-71fd&#8221;][vc_column_text]\u2013 Breng \u2019s ochtends en\/of \u2019s avonds 3-4 druppels aan op een schone en droge huid.<br \/>\n\u2013 Verdeel gelijkmatig over het gezicht met zachte massages tot het product volledig is geabsorbeerd.<br \/>\n\u2013 Breng het aan v\u00f3\u00f3r de gebruikelijke behandelingscr\u00e8me en\/of zonnebrandcr\u00e8me.<br \/>\n\u2013 Alleen of in combinatie met een ander concentraatproduct van de Age Element aanbrengen[\/vc_column_text][\/vc_tta_section][\/vc_tta_accordion][\/vc_column][\/vc_row]<\/p>\n<\/div>","protected":false},"excerpt":{"rendered":"<p>[vc_row][vc_column][vc_column_text css=&#8221;&#8221;]Geconcentreerd serum met verhelderende werking, egaliseert de huidtint door de ophoping van melanine te verminderen. De intensieve antioxiderende werking&#8230;<\/p>\n","protected":false},"featured_media":2339,"comment_status":"closed","ping_status":"closed","template":"","meta":{"_acf_changed":false},"product_brand":[],"product_cat":[34],"product_tag":[],"class_list":{"0":"post-2580","1":"product","2":"type-product","3":"status-publish","4":"has-post-thumbnail","6":"product_cat-face","7":"pa_huidcondities-dry-skin","8":"pa_huidcondities-wrinkles","9":"pa_huidcondities-hyperpigmentation","10":"pa_merk-mesoestetic","11":"pa_ml-30ml","13":"first","14":"instock","15":"taxable","16":"shipping-taxable","17":"purchasable","18":"product-type-simple"},"acf":[],"_links":{"self":[{"href":"https:\/\/ninak.nl\/en\/wp-json\/wp\/v2\/product\/2580","targetHints":{"allow":["GET"]}}],"collection":[{"href":"https:\/\/ninak.nl\/en\/wp-json\/wp\/v2\/product"}],"about":[{"href":"https:\/\/ninak.nl\/en\/wp-json\/wp\/v2\/types\/product"}],"replies":[{"embeddable":true,"href":"https:\/\/ninak.nl\/en\/wp-json\/wp\/v2\/comments?post=2580"}],"wp:featuredmedia":[{"embeddable":true,"href":"https:\/\/ninak.nl\/en\/wp-json\/wp\/v2\/media\/2339"}],"wp:attachment":[{"href":"https:\/\/ninak.nl\/en\/wp-json\/wp\/v2\/media?parent=2580"}],"wp:term":[{"taxonomy":"product_brand","embeddable":true,"href":"https:\/\/ninak.nl\/en\/wp-json\/wp\/v2\/product_brand?post=2580"},{"taxonomy":"product_cat","embeddable":true,"href":"https:\/\/ninak.nl\/en\/wp-json\/wp\/v2\/product_cat?post=2580"},{"taxonomy":"product_tag","embeddable":true,"href":"https:\/\/ninak.nl\/en\/wp-json\/wp\/v2\/product_tag?post=2580"}],"curies":[{"name":"wp","href":"https:\/\/api.w.org\/{rel}","templated":true}]}}