{"id":2584,"date":"2023-12-20T15:48:34","date_gmt":"2023-12-20T14:48:34","guid":{"rendered":"https:\/\/ninak.nl\/product\/mesoestetic-age-element-firming-concentrate\/"},"modified":"2026-04-09T10:49:39","modified_gmt":"2026-04-09T09:49:39","slug":"mesoestetic-age-element-firming-concentrate","status":"publish","type":"product","link":"https:\/\/ninak.nl\/en\/product\/mesoestetic-age-element-firming-concentrate\/","title":{"rendered":"Mesoestetic Age Element Firming concentrate"},"content":{"rendered":"<div class=\"wpb-content-wrapper\"><p>[vc_row][vc_column][vc_column_text]Geconcentreerd serum dat het verlies van elasticiteit behandelt door de collageen- en elastinesynthese intensief te stimuleren. Het onmiddellijke liftende effect helpt de gezichtsovaal opnieuw te defini\u00ebren en het gebrek aan stevigheid zichtbaar te verbeteren.[\/vc_column_text][\/vc_column][\/vc_row][vc_row][vc_column][vc_tta_accordion active_section=&#8221;&#8221;][vc_tta_section title=&#8221;HUIDTYPE&#8221; tab_id=&#8221;1698407972669-d0028d7c-a7adc889-1ace1e64-ca67&#8243;][vc_column_text]Alle huidtype. Geschikt voor de huid met een gebrek aan elasticiteit en stevigheid en een verlies aan definitie van het gezichtsovaal.<\/p>\n<p>[\/vc_column_text][\/vc_tta_section][vc_tta_section title=&#8221;WERKZAME STOFFEN&#8221; tab_id=&#8221;1698407972689-8240e14d-de6dc889-1ace1e64-ca67&#8243;][vc_column_text]\u2013 Biopolymeren<br \/>\n\u2013 Japans orchidee\u00ebnextract<br \/>\n\u2013 [meso]epigen system\u2122<br \/>\n\u2013 Peptiden en tensor fytoactieve stoffen[\/vc_column_text][\/vc_tta_section][vc_tta_section title=&#8221;GEBRUIK&#8221; tab_id=&#8221;1698407996070-9c5dcbf2-e8dec889-1ace1e64-ca67&#8243;][vc_column_text]Breng \u2019s ochtends en \u2019s avonds 3-4 druppels aan op een schone en droge huid. \u2013 Verdeel gelijkmatig over het gezicht met zachte massages tot het volledig is geabsorbeerd. \u2013 Alleen of in combinatie met een ander concentraatproduct van het age element aanbrengen, v\u00f3\u00f3r de behandelingscr\u00e8me. \u2013 Breng het aan v\u00f3\u00f3r de gebruikelijke behandelingscr\u00e8me en\/of zonnebrandcr\u00e8me.[\/vc_column_text][\/vc_tta_section][\/vc_tta_accordion][\/vc_column][\/vc_row]<\/p>\n<\/div>","protected":false},"excerpt":{"rendered":"<p>[vc_row][vc_column][vc_column_text]Geconcentreerd serum dat het verlies van elasticiteit behandelt door de collageen- en elastinesynthese intensief te stimuleren. Het onmiddellijke liftende effect&#8230;<\/p>\n","protected":false},"featured_media":2341,"comment_status":"closed","ping_status":"closed","template":"","meta":{"_acf_changed":false},"product_brand":[],"product_cat":[34],"product_tag":[],"class_list":{"0":"post-2584","1":"product","2":"type-product","3":"status-publish","4":"has-post-thumbnail","6":"product_cat-face","7":"pa_huidcondities-hydration","8":"pa_huidcondities-dry-skin","9":"pa_huidcondities-wrinkles","10":"pa_huidcondities-tightening","11":"pa_merk-mesoestetic","12":"pa_ml-30ml","14":"first","15":"instock","16":"taxable","17":"shipping-taxable","18":"purchasable","19":"product-type-simple"},"acf":[],"_links":{"self":[{"href":"https:\/\/ninak.nl\/en\/wp-json\/wp\/v2\/product\/2584","targetHints":{"allow":["GET"]}}],"collection":[{"href":"https:\/\/ninak.nl\/en\/wp-json\/wp\/v2\/product"}],"about":[{"href":"https:\/\/ninak.nl\/en\/wp-json\/wp\/v2\/types\/product"}],"replies":[{"embeddable":true,"href":"https:\/\/ninak.nl\/en\/wp-json\/wp\/v2\/comments?post=2584"}],"wp:featuredmedia":[{"embeddable":true,"href":"https:\/\/ninak.nl\/en\/wp-json\/wp\/v2\/media\/2341"}],"wp:attachment":[{"href":"https:\/\/ninak.nl\/en\/wp-json\/wp\/v2\/media?parent=2584"}],"wp:term":[{"taxonomy":"product_brand","embeddable":true,"href":"https:\/\/ninak.nl\/en\/wp-json\/wp\/v2\/product_brand?post=2584"},{"taxonomy":"product_cat","embeddable":true,"href":"https:\/\/ninak.nl\/en\/wp-json\/wp\/v2\/product_cat?post=2584"},{"taxonomy":"product_tag","embeddable":true,"href":"https:\/\/ninak.nl\/en\/wp-json\/wp\/v2\/product_tag?post=2584"}],"curies":[{"name":"wp","href":"https:\/\/api.w.org\/{rel}","templated":true}]}}