{"id":2589,"date":"2023-12-20T15:48:34","date_gmt":"2023-12-20T14:48:34","guid":{"rendered":"https:\/\/ninak.nl\/product\/mesoestetic-age-element-anti-wrinkle-concentrate\/"},"modified":"2026-04-16T13:31:13","modified_gmt":"2026-04-16T12:31:13","slug":"mesoestetic-age-element-anti-wrinkle-concentrate","status":"publish","type":"product","link":"https:\/\/ninak.nl\/en\/product\/mesoestetic-age-element-anti-wrinkle-concentrate\/","title":{"rendered":"Mesoestetic Age Element Anti-wrinkle concentrate"},"content":{"rendered":"<div class=\"wpb-content-wrapper\"><p>[vc_row][vc_column][vc_column_text css=&#8221;&#8221;]Geconcentreerd serum dat diepe rimpels intensief behandelt. Stimuleert de aanmaak van endogeen collageen, vernieuwt de vezels en maakt rimpels intensief glad. Een formule verrijkt met hyaluronzuur die expressielijnen opvult, en het gezicht een nieuwe textuur en jeugdiger uiterlijk geeft.[\/vc_column_text][\/vc_column][\/vc_row][vc_row][vc_column][vc_tta_accordion active_section=&#8221;&#8221;][vc_tta_section title=&#8221;HUIDTYPE&#8221; tab_id=&#8221;1698407972669-d0028d7c-a7adc889-1ace9de3-2067&#8243;][vc_column_text]Alle huidtype. Geschikt voor het intensief behandelen van rimpels en expressielijntjes.<\/p>\n<p>[\/vc_column_text][\/vc_tta_section][vc_tta_section title=&#8221;WERKZAME STOFFEN&#8221; tab_id=&#8221;1698407972689-8240e14d-de6dc889-1ace9de3-2067&#8243;][vc_column_text]\u2013 biopeptiden<br \/>\n\u2013 [meso]epigen systeem\u2122<br \/>\n\u2013 plantaardige retinol<br \/>\n\u2013 tetrapeptide-72<\/p>\n<p>[\/vc_column_text][\/vc_tta_section][vc_tta_section title=&#8221;GEBRUIK&#8221; tab_id=&#8221;1698407996070-9c5dcbf2-e8dec889-1ace9de3-2067&#8243;][vc_column_text]Breng 3-4 druppels aan op een schone en droge huid. \u2013 Verdeel gelijkmatig over het gezicht met zachte massages tot het volledig is geabsorbeerd. \u2013 Alleen of in combinatie met een ander concentraatproduct van het age element aanbrengen, v\u00f3\u00f3r de behandelingscr\u00e8me. \u2013 Breng het aan v\u00f3\u00f3r de gebruikelijke behandelingscr\u00e8me en\/of zonnebrandcr\u00e8me.[\/vc_column_text][\/vc_tta_section][\/vc_tta_accordion][\/vc_column][\/vc_row]<\/p>\n<\/div>","protected":false},"excerpt":{"rendered":"<p>[vc_row][vc_column][vc_column_text css=&#8221;&#8221;]Geconcentreerd serum dat diepe rimpels intensief behandelt. Stimuleert de aanmaak van endogeen collageen, vernieuwt de vezels en maakt rimpels&#8230;<\/p>\n","protected":false},"featured_media":2334,"comment_status":"closed","ping_status":"closed","template":"","meta":{"_acf_changed":false},"product_brand":[],"product_cat":[34],"product_tag":[],"class_list":{"0":"post-2589","1":"product","2":"type-product","3":"status-publish","4":"has-post-thumbnail","6":"product_cat-face","7":"pa_huidcondities-dry-skin","8":"pa_huidcondities-wrinkles","9":"pa_huidcondities-tightening","10":"pa_merk-mesoestetic","11":"pa_ml-30ml","13":"first","14":"instock","15":"taxable","16":"shipping-taxable","17":"purchasable","18":"product-type-simple"},"acf":[],"_links":{"self":[{"href":"https:\/\/ninak.nl\/en\/wp-json\/wp\/v2\/product\/2589","targetHints":{"allow":["GET"]}}],"collection":[{"href":"https:\/\/ninak.nl\/en\/wp-json\/wp\/v2\/product"}],"about":[{"href":"https:\/\/ninak.nl\/en\/wp-json\/wp\/v2\/types\/product"}],"replies":[{"embeddable":true,"href":"https:\/\/ninak.nl\/en\/wp-json\/wp\/v2\/comments?post=2589"}],"wp:featuredmedia":[{"embeddable":true,"href":"https:\/\/ninak.nl\/en\/wp-json\/wp\/v2\/media\/2334"}],"wp:attachment":[{"href":"https:\/\/ninak.nl\/en\/wp-json\/wp\/v2\/media?parent=2589"}],"wp:term":[{"taxonomy":"product_brand","embeddable":true,"href":"https:\/\/ninak.nl\/en\/wp-json\/wp\/v2\/product_brand?post=2589"},{"taxonomy":"product_cat","embeddable":true,"href":"https:\/\/ninak.nl\/en\/wp-json\/wp\/v2\/product_cat?post=2589"},{"taxonomy":"product_tag","embeddable":true,"href":"https:\/\/ninak.nl\/en\/wp-json\/wp\/v2\/product_tag?post=2589"}],"curies":[{"name":"wp","href":"https:\/\/api.w.org\/{rel}","templated":true}]}}