{"id":2612,"date":"2023-12-20T15:48:38","date_gmt":"2023-12-20T14:48:38","guid":{"rendered":"https:\/\/ninak.nl\/product\/mesoestetic-bodyshock-celluxpert-200ml\/"},"modified":"2026-04-09T10:28:22","modified_gmt":"2026-04-09T09:28:22","slug":"mesoestetic-bodyshock-celluxpert","status":"publish","type":"product","link":"https:\/\/ninak.nl\/en\/product\/mesoestetic-bodyshock-celluxpert\/","title":{"rendered":"Mesoestetic Bodyshock Celluxpert"},"content":{"rendered":"<div class=\"wpb-content-wrapper\"><p>[vc_row][vc_column][vc_column_text]Bodycr\u00e8me die de sinaasappelhuid definieert, verstevigt en verzacht.<\/p>\n<p>Een cr\u00e8me-gel geformuleerd met ingredi\u00ebnten die synergetisch werken, huidonregelmatigheden veroorzaakt door cellulitis zichtbaar verbeteren, turgor geven aan gebieden met een sinaasappelhuid en zorgen voor een meer uniform en glad uiterlijk. Cafe\u00efne, Brassica Alba-extract en capsa\u00efcine bieden een krachtige stimulerende werking en helpen het silhouet te defini\u00ebren. Arnica-extract en organisch silicium verhogen de stevigheid van de huid en zorgen voor een decongestief effect, waardoor de sinaasappelhuid zichtbaar wordt verzacht. Het exclusieve applicatiesysteem, met roll-on bollen, optimaliseert de applicatie en absorptie van het product en biedt een onmiddellijk verfrissend en stimulerend effect.[\/vc_column_text][\/vc_column][\/vc_row][vc_row][vc_column][vc_tta_accordion active_section=&#8221;&#8221;][vc_tta_section title=&#8221;HUIDTYPE&#8221; tab_id=&#8221;1698407972669-d0028d7c-a7adc889-1acec05c-a0e6&#8243;][vc_column_text]<br \/>\nCellulite[\/vc_column_text][\/vc_tta_section][vc_tta_section title=&#8221;WERKZAME STOFFEN&#8221; tab_id=&#8221;1698407972689-8240e14d-de6dc889-1acec05c-a0e6&#8243;][vc_column_text]-Caffeine<br \/>\n-Arnica-extract<br \/>\n-Brassica Alba en Capsa\u00efcine-extract<br \/>\n-L-carnitine<br \/>\n-Organisch silicium[\/vc_column_text][\/vc_tta_section][vc_tta_section title=&#8221;GEBRUIK&#8221; tab_id=&#8221;1698407996070-9c5dcbf2-e8dec889-1acec05c-a0e6&#8243;][vc_column_text]Draai het hoofdstuk naar de AAN-positie en breng het product met een cirkelvormige beweging aan. Draai het hoofdstuk naar de UIT-stand en masseer het product in totdat deze volledig is geabsorbeerd.[\/vc_column_text][\/vc_tta_section][\/vc_tta_accordion][\/vc_column][\/vc_row]<\/p>\n<\/div>","protected":false},"excerpt":{"rendered":"<p>[vc_row][vc_column][vc_column_text]Bodycr\u00e8me die de sinaasappelhuid definieert, verstevigt en verzacht. Een cr\u00e8me-gel geformuleerd met ingredi\u00ebnten die synergetisch werken, huidonregelmatigheden veroorzaakt door cellulitis&#8230;<\/p>\n","protected":false},"featured_media":2345,"comment_status":"closed","ping_status":"closed","template":"","meta":{"_acf_changed":false},"product_brand":[],"product_cat":[35,154],"product_tag":[],"class_list":{"0":"post-2612","1":"product","2":"type-product","3":"status-publish","4":"has-post-thumbnail","6":"product_cat-body","7":"product_cat-favorites","8":"pa_merk-mesoestetic","9":"pa_ml-200ml","11":"first","12":"instock","13":"taxable","14":"shipping-taxable","15":"purchasable","16":"product-type-simple"},"acf":[],"_links":{"self":[{"href":"https:\/\/ninak.nl\/en\/wp-json\/wp\/v2\/product\/2612","targetHints":{"allow":["GET"]}}],"collection":[{"href":"https:\/\/ninak.nl\/en\/wp-json\/wp\/v2\/product"}],"about":[{"href":"https:\/\/ninak.nl\/en\/wp-json\/wp\/v2\/types\/product"}],"replies":[{"embeddable":true,"href":"https:\/\/ninak.nl\/en\/wp-json\/wp\/v2\/comments?post=2612"}],"wp:featuredmedia":[{"embeddable":true,"href":"https:\/\/ninak.nl\/en\/wp-json\/wp\/v2\/media\/2345"}],"wp:attachment":[{"href":"https:\/\/ninak.nl\/en\/wp-json\/wp\/v2\/media?parent=2612"}],"wp:term":[{"taxonomy":"product_brand","embeddable":true,"href":"https:\/\/ninak.nl\/en\/wp-json\/wp\/v2\/product_brand?post=2612"},{"taxonomy":"product_cat","embeddable":true,"href":"https:\/\/ninak.nl\/en\/wp-json\/wp\/v2\/product_cat?post=2612"},{"taxonomy":"product_tag","embeddable":true,"href":"https:\/\/ninak.nl\/en\/wp-json\/wp\/v2\/product_tag?post=2612"}],"curies":[{"name":"wp","href":"https:\/\/api.w.org\/{rel}","templated":true}]}}