{"id":3043,"date":"2024-02-08T14:58:21","date_gmt":"2024-02-08T13:58:21","guid":{"rendered":"https:\/\/ninak.nl\/?post_type=product&#038;p=3043"},"modified":"2026-04-18T10:50:39","modified_gmt":"2026-04-18T09:50:39","slug":"sckin-super-greens","status":"publish","type":"product","link":"https:\/\/ninak.nl\/en\/product\/sckin-super-greens\/","title":{"rendered":"ScKIN Super Greens+"},"content":{"rendered":"<div class=\"wpb-content-wrapper\"><p>[vc_row][vc_column][vc_column_text css=&#8221;&#8221;]Super Greens+ is een all-in-one greens poeder met een zorgvuldig samengestelde mix van 89 zuivere ingredi\u00ebnten. De formule combineert groenten, fruit, kruiden, adaptogenen, probiotica, enzymen, vitaminen en mineralen in \u00e9\u00e9n dagelijkse schep.[\/vc_column_text][\/vc_column][\/vc_row][vc_row][vc_column][vc_tta_accordion active_section=&#8221;&#8221;][vc_tta_section title=&#8221;HUIDTYPE&#8221; tab_id=&#8221;1698407972669-d0028d7c-a7adc889-1acee4eb-c2a55626-5ed1&#8243;][vc_column_text]Is vooral geschikt voor cli\u00ebnten die onderstaande punten willen verbeteren\/stimuleren:<\/p>\n<ul>\n<li>Anti-stress \u2013 Vetverbranding \u2013 Hormonen<\/li>\n<li>Lever\/detox \u2013 Immuunsysteem \u2013 Spijsverteringsenzymen<\/li>\n<li>Energie \u2013 Darmen<\/li>\n<\/ul>\n<p>[\/vc_column_text][\/vc_tta_section][vc_tta_section title=&#8221;WERKZAME STOFFEN&#8221; tab_id=&#8221;1698407972689-8240e14d-de6dc889-1acee4eb-c2a55626-5ed1&#8243;][vc_column_text]<\/p>\n<ul>\n<li>Zink<\/li>\n<li>Vitamine C , D &amp; B12<\/li>\n<li>Koper<\/li>\n<li>Mangaan<\/li>\n<li>Calcium<\/li>\n<li>Jodium<\/li>\n<\/ul>\n<p><strong>100% Vegan:<\/strong>\u00a0Vrij van gluten, zuivel, soja, noten en schaaldieren.<br \/>\nVrij van conserveringsmiddelen en vulstoffen.[\/vc_column_text][\/vc_tta_section][vc_tta_section title=&#8221;GEBRUIK&#8221; tab_id=&#8221;1698407996070-9c5dcbf2-e8dec889-1acee4eb-c2a55626-5ed1&#8243;][vc_column_text css=&#8221;&#8221;]<strong>Gebruiksaanwijzing<\/strong><br \/>\nLos 1 maatschep (10 gram) bij of voor het ontbijt op in een glas water, of mix het door je smoothie, een bowl of sap.\u00a0Goed roeren of shaken.<\/p>\n<p><strong>Duur en resultaten<\/strong><br \/>\nDe krachtige mix van planten, enzymen en voedingsstoffen ondersteunt je vitaliteit. Dagelijks gebruik voor optimale werking \u00e9n blijvend effect.<\/p>\n<p><strong>Bewaaradvies<br \/>\n<\/strong>Bewaar Super Greens+ altijd in het originele zakje, goed afgesloten in het blik. Koel, droog en buiten bereik van zonlicht houden.<\/p>\n<p>Niet gebruiken i.c.m. met Control+.[\/vc_column_text][\/vc_tta_section][vc_tta_section title=&#8221;KENMERKEN&#8221; tab_id=&#8221;1704293138825-4b5670d7-9ec85626-5ed1&#8243;][vc_column_text]<\/p>\n<ul>\n<li>Ondersteunt het immuunsysteem<\/li>\n<li>Beschermen het bindweefsel van de huid<\/li>\n<li>Dragen bij aan een normaal metabolisme<\/li>\n<\/ul>\n<p>[\/vc_column_text][\/vc_tta_section][vc_tta_section title=&#8221;WELK RESULTAAT KUN JE VERWACHTEN?&#8221; tab_id=&#8221;1704293140072-8e520ce0-ce725626-5ed1&#8243;][vc_column_text]Kan een gunstig effect hebben op: hormoonhuishouding, stemmingswisselingen, energiegebrek, stress, darmproblemen, spijsverteringsproblemen, vetverbranding, vegetari\u00ebrs, afslanken, luchtwegproblemen, zonneallergie, detox, immuun boost en overgangsklachten.[\/vc_column_text][\/vc_tta_section][\/vc_tta_accordion][\/vc_column][\/vc_row]<\/p>\n<\/div>","protected":false},"excerpt":{"rendered":"<p>[vc_row][vc_column][vc_column_text css=&#8221;&#8221;]Super Greens+ is een all-in-one greens poeder met een zorgvuldig samengestelde mix van 89 zuivere ingredi\u00ebnten. De formule combineert&#8230;<\/p>\n","protected":false},"featured_media":3044,"comment_status":"closed","ping_status":"closed","template":"","meta":{"_acf_changed":false},"product_brand":[],"product_cat":[39],"product_tag":[],"class_list":{"0":"post-3043","1":"product","2":"type-product","3":"status-publish","4":"has-post-thumbnail","6":"product_cat-supplements","7":"pa_gram-300-g","8":"pa_merk-sckin-nutrition","10":"first","11":"instock","12":"taxable","13":"shipping-taxable","14":"purchasable","15":"product-type-simple"},"acf":[],"_links":{"self":[{"href":"https:\/\/ninak.nl\/en\/wp-json\/wp\/v2\/product\/3043","targetHints":{"allow":["GET"]}}],"collection":[{"href":"https:\/\/ninak.nl\/en\/wp-json\/wp\/v2\/product"}],"about":[{"href":"https:\/\/ninak.nl\/en\/wp-json\/wp\/v2\/types\/product"}],"replies":[{"embeddable":true,"href":"https:\/\/ninak.nl\/en\/wp-json\/wp\/v2\/comments?post=3043"}],"wp:featuredmedia":[{"embeddable":true,"href":"https:\/\/ninak.nl\/en\/wp-json\/wp\/v2\/media\/3044"}],"wp:attachment":[{"href":"https:\/\/ninak.nl\/en\/wp-json\/wp\/v2\/media?parent=3043"}],"wp:term":[{"taxonomy":"product_brand","embeddable":true,"href":"https:\/\/ninak.nl\/en\/wp-json\/wp\/v2\/product_brand?post=3043"},{"taxonomy":"product_cat","embeddable":true,"href":"https:\/\/ninak.nl\/en\/wp-json\/wp\/v2\/product_cat?post=3043"},{"taxonomy":"product_tag","embeddable":true,"href":"https:\/\/ninak.nl\/en\/wp-json\/wp\/v2\/product_tag?post=3043"}],"curies":[{"name":"wp","href":"https:\/\/api.w.org\/{rel}","templated":true}]}}